{"id":462,"date":"2023-12-06T19:21:25","date_gmt":"2023-12-06T19:21:25","guid":{"rendered":"https:\/\/fabricadeanuncios.com\/inicio\/?page_id=462"},"modified":"2023-12-06T20:30:37","modified_gmt":"2023-12-06T20:30:37","slug":"preguntas-frecuentes","status":"publish","type":"page","link":"https:\/\/fabricadeanuncios.com\/inicio\/preguntas-frecuentes\/","title":{"rendered":"Preguntas Frecuentes"},"content":{"rendered":"\t\t<div data-elementor-type=\"wp-page\" data-elementor-id=\"462\" class=\"elementor elementor-462\" data-elementor-post-type=\"page\">\n\t\t\t\t\t\t<section class=\"elementor-section elementor-top-section elementor-element elementor-element-76fe61bc elementor-section-boxed elementor-section-height-default elementor-section-height-default\" data-id=\"76fe61bc\" data-element_type=\"section\" data-e-type=\"section\" data-settings=\"{&quot;background_background&quot;:&quot;classic&quot;}\">\n\t\t\t\t\t\t\t<div class=\"elementor-background-overlay\"><\/div>\n\t\t\t\t\t\t\t<div class=\"elementor-container elementor-column-gap-default\">\n\t\t\t\t\t<div class=\"elementor-column elementor-col-100 elementor-top-column elementor-element elementor-element-1c23aa0e\" data-id=\"1c23aa0e\" data-element_type=\"column\" data-e-type=\"column\" data-settings=\"{&quot;background_background&quot;:&quot;classic&quot;}\">\n\t\t\t<div class=\"elementor-widget-wrap elementor-element-populated\">\n\t\t\t\t\t\t<div class=\"elementor-element elementor-element-700ca6f5 elementor-absolute elementor-invisible elementor-widget elementor-widget-heading\" data-id=\"700ca6f5\" data-element_type=\"widget\" data-e-type=\"widget\" data-settings=\"{&quot;_position&quot;:&quot;absolute&quot;,&quot;_animation&quot;:&quot;fadeInUp&quot;}\" data-widget_type=\"heading.default\">\n\t\t\t\t<div class=\"elementor-widget-container\">\n\t\t\t\t\t<div class=\"elementor-heading-title elementor-size-default\">FAQ<\/div>\t\t\t\t<\/div>\n\t\t\t\t<\/div>\n\t\t\t\t<section class=\"elementor-section elementor-inner-section elementor-element elementor-element-77f8d530 elementor-section-boxed elementor-section-height-default elementor-section-height-default\" data-id=\"77f8d530\" data-element_type=\"section\" data-e-type=\"section\">\n\t\t\t\t\t\t<div class=\"elementor-container elementor-column-gap-default\">\n\t\t\t\t\t<div class=\"elementor-column elementor-col-100 elementor-inner-column elementor-element elementor-element-5c2b76fa\" data-id=\"5c2b76fa\" data-element_type=\"column\" data-e-type=\"column\">\n\t\t\t<div class=\"elementor-widget-wrap elementor-element-populated\">\n\t\t\t\t\t\t<div class=\"elementor-element elementor-element-36927125 elementor-invisible elementor-widget elementor-widget-heading\" data-id=\"36927125\" data-element_type=\"widget\" data-e-type=\"widget\" data-settings=\"{&quot;_animation&quot;:&quot;fadeInLeft&quot;}\" data-widget_type=\"heading.default\">\n\t\t\t\t<div class=\"elementor-widget-container\">\n\t\t\t\t\t<h1 class=\"elementor-heading-title elementor-size-default\">Preguntas Frecuentes<\/h1>\t\t\t\t<\/div>\n\t\t\t\t<\/div>\n\t\t\t\t\t<\/div>\n\t\t<\/div>\n\t\t\t\t\t<\/div>\n\t\t<\/section>\n\t\t\t\t\t<\/div>\n\t\t<\/div>\n\t\t\t\t\t<\/div>\n\t\t<\/section>\n\t\t\t\t<section class=\"elementor-section elementor-top-section elementor-element elementor-element-d25ed6c elementor-section-boxed elementor-section-height-default elementor-section-height-default\" data-id=\"d25ed6c\" data-element_type=\"section\" data-e-type=\"section\">\n\t\t\t\t\t\t<div class=\"elementor-container elementor-column-gap-default\">\n\t\t\t\t\t<div class=\"elementor-column elementor-col-33 elementor-top-column elementor-element elementor-element-195f3d69 elementor-invisible\" data-id=\"195f3d69\" data-element_type=\"column\" data-e-type=\"column\" data-settings=\"{&quot;animation&quot;:&quot;fadeInLeft&quot;}\">\n\t\t\t<div class=\"elementor-widget-wrap elementor-element-populated\">\n\t\t\t\t\t\t<div class=\"elementor-element elementor-element-11cd59a5 elementor-widget elementor-widget-heading\" data-id=\"11cd59a5\" data-element_type=\"widget\" data-e-type=\"widget\" data-widget_type=\"heading.default\">\n\t\t\t\t<div class=\"elementor-widget-container\">\n\t\t\t\t\t<h6 class=\"elementor-heading-title elementor-size-default\">FAQ<\/h6>\t\t\t\t<\/div>\n\t\t\t\t<\/div>\n\t\t\t\t<div class=\"elementor-element elementor-element-f48c670 elementor-widget elementor-widget-heading\" data-id=\"f48c670\" data-element_type=\"widget\" data-e-type=\"widget\" data-widget_type=\"heading.default\">\n\t\t\t\t<div class=\"elementor-widget-container\">\n\t\t\t\t\t<h2 class=\"elementor-heading-title elementor-size-default\">Preguntas Frecuentes<\/h2>\t\t\t\t<\/div>\n\t\t\t\t<\/div>\n\t\t\t\t<div class=\"elementor-element elementor-element-7df306be elementor-widget elementor-widget-text-editor\" data-id=\"7df306be\" data-element_type=\"widget\" data-e-type=\"widget\" data-widget_type=\"text-editor.default\">\n\t\t\t\t<div class=\"elementor-widget-container\">\n\t\t\t\t\t\t\t\t\t<p>Hemos compilado las dudas mas frecuentes de nuestros clientes<\/p>\t\t\t\t\t\t\t\t<\/div>\n\t\t\t\t<\/div>\n\t\t\t\t\t<\/div>\n\t\t<\/div>\n\t\t\t\t<div class=\"elementor-column elementor-col-66 elementor-top-column elementor-element elementor-element-34871c4 elementor-invisible\" data-id=\"34871c4\" data-element_type=\"column\" data-e-type=\"column\" data-settings=\"{&quot;animation&quot;:&quot;fadeInRight&quot;}\">\n\t\t\t<div class=\"elementor-widget-wrap elementor-element-populated\">\n\t\t\t\t\t\t<div class=\"elementor-element elementor-element-6ee11ee elementor-widget elementor-widget-elementskit-accordion\" data-id=\"6ee11ee\" data-element_type=\"widget\" data-e-type=\"widget\" data-widget_type=\"elementskit-accordion.default\">\n\t\t\t\t<div class=\"elementor-widget-container\">\n\t\t\t\t\t<div class=\"ekit-wid-con\" >\n        <div class=\"elementskit-accordion accoedion-primary\" id=\"accordion-69ec1fa913821\">\n\n            \n                <div class=\"elementskit-card active\">\n                    <div class=\"elementskit-card-header\" id=\"primaryHeading-0-6ee11ee\">\n                        <a href=\"#collapse-cd2e1f369ec1fa913821\" class=\"ekit-accordion--toggler elementskit-btn-link collapsed\" data-ekit-toggle=\"collapse\" data-target=\"#Collapse-cd2e1f369ec1fa913821\" aria-expanded=\"true\" aria-controls=\"Collapse-cd2e1f369ec1fa913821\">\n                            \n                            <span class=\"ekit-accordion-title\">\u00bfQu\u00e9 necesitan para cotizar mi anuncio?<\/span>\n\n                            \n                                <div class=\"ekit_accordion_icon_group\">\n                                    <div class=\"ekit_accordion_normal_icon\">\n                                        <!-- Normal Icon -->\n\t\t\t\t\t\t\t\t\t\t<i class=\"icon icon-down-arrow1\"><\/i>                                    <\/div>\n\n                                    <div class=\"ekit_accordion_active_icon\">\n                                        <!-- Active Icon -->\n\t\t\t\t\t\t\t\t\t\t<i class=\"icon icon-up-arrow\"><\/i>                                    <\/div>\n                                <\/div>\n\n                            \n                                                    <\/a>\n                    <\/div>\n\n                    <div id=\"Collapse-cd2e1f369ec1fa913821\" class=\" show collapse\" aria-labelledby=\"primaryHeading-0-6ee11ee\" data-parent=\"#accordion-69ec1fa913821\">\n\n                        <div class=\"elementskit-card-body ekit-accordion--content\">\n                            <p>Para la <strong>cotizaci\u00f3n<\/strong> solamente necesitamos:<\/p><ol><li>Imagen del logotipo de mediana resoluci\u00f3n<\/li><li>Medidas generales del anuncio, o el espacio disponible para el mismo<\/li><li>Tipo de anuncio preferido, como fotograf\u00eda o referencia de nuestro cat\u00e1logo<\/li><\/ol>                        <\/div>\n\n                    <\/div>\n\n                <\/div><!-- .elementskit-card END -->\n\n                \n                <div class=\"elementskit-card \">\n                    <div class=\"elementskit-card-header\" id=\"primaryHeading-1-6ee11ee\">\n                        <a href=\"#collapse-000c7c369ec1fa913821\" class=\"ekit-accordion--toggler elementskit-btn-link collapsed\" data-ekit-toggle=\"collapse\" data-target=\"#Collapse-000c7c369ec1fa913821\" aria-expanded=\"false\" aria-controls=\"Collapse-000c7c369ec1fa913821\">\n                            \n                            <span class=\"ekit-accordion-title\">\u00bfQu\u00e9 necesitan para fabricar mi anuncio?<\/span>\n\n                            \n                                <div class=\"ekit_accordion_icon_group\">\n                                    <div class=\"ekit_accordion_normal_icon\">\n                                        <!-- Normal Icon -->\n\t\t\t\t\t\t\t\t\t\t<i class=\"icon icon-down-arrow1\"><\/i>                                    <\/div>\n\n                                    <div class=\"ekit_accordion_active_icon\">\n                                        <!-- Active Icon -->\n\t\t\t\t\t\t\t\t\t\t<i class=\"icon icon-up-arrow\"><\/i>                                    <\/div>\n                                <\/div>\n\n                            \n                                                    <\/a>\n                    <\/div>\n\n                    <div id=\"Collapse-000c7c369ec1fa913821\" class=\" collapse\" aria-labelledby=\"primaryHeading-1-6ee11ee\" data-parent=\"#accordion-69ec1fa913821\">\n\n                        <div class=\"elementskit-card-body ekit-accordion--content\">\n                            <p>Para la <strong>fabricaci\u00f3n<\/strong>\u00a0necesitamos:<\/p><ol><li>Imagen del anuncio en formato vectorial editable (corel draw o illustrator)<\/li><li>El anticipo\u00a0<\/li><\/ol><p>En caso de no tener el archivo de dise\u00f1o, manejamos el servicio de dise\u00f1o y redibujo<\/p>                        <\/div>\n\n                    <\/div>\n\n                <\/div><!-- .elementskit-card END -->\n\n                \n                <div class=\"elementskit-card \">\n                    <div class=\"elementskit-card-header\" id=\"primaryHeading-2-6ee11ee\">\n                        <a href=\"#collapse-87986dc69ec1fa913821\" class=\"ekit-accordion--toggler elementskit-btn-link collapsed\" data-ekit-toggle=\"collapse\" data-target=\"#Collapse-87986dc69ec1fa913821\" aria-expanded=\"false\" aria-controls=\"Collapse-87986dc69ec1fa913821\">\n                            \n                            <span class=\"ekit-accordion-title\">\u00bfSe puede fabricar mi logotipo o dise\u00f1o?<\/span>\n\n                            \n                                <div class=\"ekit_accordion_icon_group\">\n                                    <div class=\"ekit_accordion_normal_icon\">\n                                        <!-- Normal Icon -->\n\t\t\t\t\t\t\t\t\t\t<i class=\"icon icon-down-arrow1\"><\/i>                                    <\/div>\n\n                                    <div class=\"ekit_accordion_active_icon\">\n                                        <!-- Active Icon -->\n\t\t\t\t\t\t\t\t\t\t<i class=\"icon icon-up-arrow\"><\/i>                                    <\/div>\n                                <\/div>\n\n                            \n                                                    <\/a>\n                    <\/div>\n\n                    <div id=\"Collapse-87986dc69ec1fa913821\" class=\" collapse\" aria-labelledby=\"primaryHeading-2-6ee11ee\" data-parent=\"#accordion-69ec1fa913821\">\n\n                        <div class=\"elementskit-card-body ekit-accordion--content\">\n                            <p>La fabricabilidad de un anuncio o se\u00f1alizaci\u00f3n depende de sus medidas y material. \u00a1Contact\u00e1nos y con gusto te asesoramos!<\/p>                        <\/div>\n\n                    <\/div>\n\n                <\/div><!-- .elementskit-card END -->\n\n                \n                <div class=\"elementskit-card \">\n                    <div class=\"elementskit-card-header\" id=\"primaryHeading-3-6ee11ee\">\n                        <a href=\"#collapse-9b8161169ec1fa913821\" class=\"ekit-accordion--toggler elementskit-btn-link collapsed\" data-ekit-toggle=\"collapse\" data-target=\"#Collapse-9b8161169ec1fa913821\" aria-expanded=\"false\" aria-controls=\"Collapse-9b8161169ec1fa913821\">\n                            \n                            <span class=\"ekit-accordion-title\">\u00bfQu\u00e9 garant\u00eda tienen sus productos?<\/span>\n\n                            \n                                <div class=\"ekit_accordion_icon_group\">\n                                    <div class=\"ekit_accordion_normal_icon\">\n                                        <!-- Normal Icon -->\n\t\t\t\t\t\t\t\t\t\t<i class=\"icon icon-down-arrow1\"><\/i>                                    <\/div>\n\n                                    <div class=\"ekit_accordion_active_icon\">\n                                        <!-- Active Icon -->\n\t\t\t\t\t\t\t\t\t\t<i class=\"icon icon-up-arrow\"><\/i>                                    <\/div>\n                                <\/div>\n\n                            \n                                                    <\/a>\n                    <\/div>\n\n                    <div id=\"Collapse-9b8161169ec1fa913821\" class=\" collapse\" aria-labelledby=\"primaryHeading-3-6ee11ee\" data-parent=\"#accordion-69ec1fa913821\">\n\n                        <div class=\"elementskit-card-body ekit-accordion--content\">\n                            <p>Todos nuestros productos cuentan con soporte de 5 a\u00f1os en materia prima y mano de obra, as\u00ed como 1 a\u00f1o en material el\u00e9ctrico.<\/p><p>Algunos materiales est\u00e1n designados para interiores, por lo que no son cubiertos ante la exposici\u00f3n al sol en periodos prolongados.<\/p>                        <\/div>\n\n                    <\/div>\n\n                <\/div><!-- .elementskit-card END -->\n\n                \n                <div class=\"elementskit-card \">\n                    <div class=\"elementskit-card-header\" id=\"primaryHeading-4-6ee11ee\">\n                        <a href=\"#collapse-80311da69ec1fa913821\" class=\"ekit-accordion--toggler elementskit-btn-link collapsed\" data-ekit-toggle=\"collapse\" data-target=\"#Collapse-80311da69ec1fa913821\" aria-expanded=\"false\" aria-controls=\"Collapse-80311da69ec1fa913821\">\n                            \n                            <span class=\"ekit-accordion-title\">\u00bfCu\u00e1l es el tiempo de entrega?<\/span>\n\n                            \n                                <div class=\"ekit_accordion_icon_group\">\n                                    <div class=\"ekit_accordion_normal_icon\">\n                                        <!-- Normal Icon -->\n\t\t\t\t\t\t\t\t\t\t<i class=\"icon icon-down-arrow1\"><\/i>                                    <\/div>\n\n                                    <div class=\"ekit_accordion_active_icon\">\n                                        <!-- Active Icon -->\n\t\t\t\t\t\t\t\t\t\t<i class=\"icon icon-up-arrow\"><\/i>                                    <\/div>\n                                <\/div>\n\n                            \n                                                    <\/a>\n                    <\/div>\n\n                    <div id=\"Collapse-80311da69ec1fa913821\" class=\" collapse\" aria-labelledby=\"primaryHeading-4-6ee11ee\" data-parent=\"#accordion-69ec1fa913821\">\n\n                        <div class=\"elementskit-card-body ekit-accordion--content\">\n                            <p>Todos los proyectos son diferentes, por lo que el tiempo de entrega fluct\u00faa entre 7 y 31 d\u00edas.\u00a0<\/p>                        <\/div>\n\n                    <\/div>\n\n                <\/div><!-- .elementskit-card END -->\n\n                \n                <div class=\"elementskit-card \">\n                    <div class=\"elementskit-card-header\" id=\"primaryHeading-5-6ee11ee\">\n                        <a href=\"#collapse-6bd8ab169ec1fa913821\" class=\"ekit-accordion--toggler elementskit-btn-link collapsed\" data-ekit-toggle=\"collapse\" data-target=\"#Collapse-6bd8ab169ec1fa913821\" aria-expanded=\"false\" aria-controls=\"Collapse-6bd8ab169ec1fa913821\">\n                            \n                            <span class=\"ekit-accordion-title\">\u00bfQue mantenimiento o limpieza requieren sus productos?<\/span>\n\n                            \n                                <div class=\"ekit_accordion_icon_group\">\n                                    <div class=\"ekit_accordion_normal_icon\">\n                                        <!-- Normal Icon -->\n\t\t\t\t\t\t\t\t\t\t<i class=\"icon icon-down-arrow1\"><\/i>                                    <\/div>\n\n                                    <div class=\"ekit_accordion_active_icon\">\n                                        <!-- Active Icon -->\n\t\t\t\t\t\t\t\t\t\t<i class=\"icon icon-up-arrow\"><\/i>                                    <\/div>\n                                <\/div>\n\n                            \n                                                    <\/a>\n                    <\/div>\n\n                    <div id=\"Collapse-6bd8ab169ec1fa913821\" class=\" collapse\" aria-labelledby=\"primaryHeading-5-6ee11ee\" data-parent=\"#accordion-69ec1fa913821\">\n\n                        <div class=\"elementskit-card-body ekit-accordion--content\">\n                            <p>Se recomienda dar mantenimiento preventivo cada 6 meses, que consta de limpieza con limpiador para ventanas<\/p>                        <\/div>\n\n                    <\/div>\n\n                <\/div><!-- .elementskit-card END -->\n\n                \n                <div class=\"elementskit-card \">\n                    <div class=\"elementskit-card-header\" id=\"primaryHeading-6-6ee11ee\">\n                        <a href=\"#collapse-18a8c6769ec1fa913821\" class=\"ekit-accordion--toggler elementskit-btn-link collapsed\" data-ekit-toggle=\"collapse\" data-target=\"#Collapse-18a8c6769ec1fa913821\" aria-expanded=\"false\" aria-controls=\"Collapse-18a8c6769ec1fa913821\">\n                            \n                            <span class=\"ekit-accordion-title\">\u00bfQu\u00e9 voltaje requieren los anuncios con luz?<\/span>\n\n                            \n                                <div class=\"ekit_accordion_icon_group\">\n                                    <div class=\"ekit_accordion_normal_icon\">\n                                        <!-- Normal Icon -->\n\t\t\t\t\t\t\t\t\t\t<i class=\"icon icon-down-arrow1\"><\/i>                                    <\/div>\n\n                                    <div class=\"ekit_accordion_active_icon\">\n                                        <!-- Active Icon -->\n\t\t\t\t\t\t\t\t\t\t<i class=\"icon icon-up-arrow\"><\/i>                                    <\/div>\n                                <\/div>\n\n                            \n                                                    <\/a>\n                    <\/div>\n\n                    <div id=\"Collapse-18a8c6769ec1fa913821\" class=\" collapse\" aria-labelledby=\"primaryHeading-6-6ee11ee\" data-parent=\"#accordion-69ec1fa913821\">\n\n                        <div class=\"elementskit-card-body ekit-accordion--content\">\n                            <p>Todos los anuncios luminosos trabajan bajo 110~120 voltios<\/p>                        <\/div>\n\n                    <\/div>\n\n                <\/div><!-- .elementskit-card END -->\n\n                                        <\/div>\n    <\/div>\t\t\t\t<\/div>\n\t\t\t\t<\/div>\n\t\t\t\t\t<\/div>\n\t\t<\/div>\n\t\t\t\t\t<\/div>\n\t\t<\/section>\n\t\t\t\t<\/div>\n\t\t","protected":false},"excerpt":{"rendered":"<p>FAQ FAQ Preguntas Frecuentes Hemos compilado las dudas mas frecuentes de nuestros clientes \u00bfQu\u00e9 necesitan para cotizar mi anuncio? Para la cotizaci\u00f3n solamente necesitamos: Imagen del logotipo de mediana resoluci\u00f3n Medidas generales del anuncio, o el espacio disponible para el mismo Tipo de anuncio preferido, como fotograf\u00eda o referencia de nuestro cat\u00e1logo \u00bfQu\u00e9 necesitan para [&hellip;]<\/p>\n","protected":false},"author":1,"featured_media":0,"parent":0,"menu_order":0,"comment_status":"closed","ping_status":"closed","template":"","meta":{"_joinchat":[],"footnotes":""},"class_list":["post-462","page","type-page","status-publish","hentry"],"_links":{"self":[{"href":"https:\/\/fabricadeanuncios.com\/inicio\/wp-json\/wp\/v2\/pages\/462","targetHints":{"allow":["GET"]}}],"collection":[{"href":"https:\/\/fabricadeanuncios.com\/inicio\/wp-json\/wp\/v2\/pages"}],"about":[{"href":"https:\/\/fabricadeanuncios.com\/inicio\/wp-json\/wp\/v2\/types\/page"}],"author":[{"embeddable":true,"href":"https:\/\/fabricadeanuncios.com\/inicio\/wp-json\/wp\/v2\/users\/1"}],"replies":[{"embeddable":true,"href":"https:\/\/fabricadeanuncios.com\/inicio\/wp-json\/wp\/v2\/comments?post=462"}],"version-history":[{"count":28,"href":"https:\/\/fabricadeanuncios.com\/inicio\/wp-json\/wp\/v2\/pages\/462\/revisions"}],"predecessor-version":[{"id":519,"href":"https:\/\/fabricadeanuncios.com\/inicio\/wp-json\/wp\/v2\/pages\/462\/revisions\/519"}],"wp:attachment":[{"href":"https:\/\/fabricadeanuncios.com\/inicio\/wp-json\/wp\/v2\/media?parent=462"}],"curies":[{"name":"wp","href":"https:\/\/api.w.org\/{rel}","templated":true}]}}