{"id":239,"date":"2023-11-29T19:54:40","date_gmt":"2023-11-29T19:54:40","guid":{"rendered":"https:\/\/fabricadeanuncios.com\/inicio\/?post_type=product&#038;p=239"},"modified":"2023-11-29T20:11:19","modified_gmt":"2023-11-29T20:11:19","slug":"f402-senalizacion-estire-empuje","status":"publish","type":"product","link":"https:\/\/fabricadeanuncios.com\/inicio\/product\/f402-senalizacion-estire-empuje\/","title":{"rendered":"[F402] Se\u00f1alizaci\u00f3n Estire &#8211; Empuje"},"content":{"rendered":"","protected":false},"excerpt":{"rendered":"<p>Se\u00f1alizaci\u00f3n estire y empuje personalizable, fabricada en aluminio anodizado para exterior.<\/p>\n<p>Se puede fabricar en todo un rango de colores y tipograf\u00edas.<\/p>\n","protected":false},"featured_media":240,"template":"","meta":{"_joinchat":[]},"product_brand":[],"product_cat":[29],"product_tag":[],"class_list":{"0":"post-239","1":"product","2":"type-product","3":"status-publish","4":"has-post-thumbnail","6":"product_cat-senalizacion-corporativa","8":"first","9":"instock","10":"shipping-taxable","11":"product-type-simple"},"_links":{"self":[{"href":"https:\/\/fabricadeanuncios.com\/inicio\/wp-json\/wp\/v2\/product\/239","targetHints":{"allow":["GET"]}}],"collection":[{"href":"https:\/\/fabricadeanuncios.com\/inicio\/wp-json\/wp\/v2\/product"}],"about":[{"href":"https:\/\/fabricadeanuncios.com\/inicio\/wp-json\/wp\/v2\/types\/product"}],"wp:featuredmedia":[{"embeddable":true,"href":"https:\/\/fabricadeanuncios.com\/inicio\/wp-json\/wp\/v2\/media\/240"}],"wp:attachment":[{"href":"https:\/\/fabricadeanuncios.com\/inicio\/wp-json\/wp\/v2\/media?parent=239"}],"wp:term":[{"taxonomy":"product_brand","embeddable":true,"href":"https:\/\/fabricadeanuncios.com\/inicio\/wp-json\/wp\/v2\/product_brand?post=239"},{"taxonomy":"product_cat","embeddable":true,"href":"https:\/\/fabricadeanuncios.com\/inicio\/wp-json\/wp\/v2\/product_cat?post=239"},{"taxonomy":"product_tag","embeddable":true,"href":"https:\/\/fabricadeanuncios.com\/inicio\/wp-json\/wp\/v2\/product_tag?post=239"}],"curies":[{"name":"wp","href":"https:\/\/api.w.org\/{rel}","templated":true}]}}