{"id":241,"date":"2023-11-29T19:57:08","date_gmt":"2023-11-29T19:57:08","guid":{"rendered":"https:\/\/fabricadeanuncios.com\/inicio\/?post_type=product&#038;p=241"},"modified":"2023-11-29T19:57:08","modified_gmt":"2023-11-29T19:57:08","slug":"f601-senalizacion-vial-esquina-con-alto","status":"publish","type":"product","link":"https:\/\/fabricadeanuncios.com\/inicio\/product\/f601-senalizacion-vial-esquina-con-alto\/","title":{"rendered":"[F601] Se\u00f1alizaci\u00f3n Vial Esquina con Alto"},"content":{"rendered":"","protected":false},"excerpt":{"rendered":"<p>Se\u00f1alizaci\u00f3n vial fabricada en l\u00e1mina galvanizada con vinilo reflejante grado diamante. Todos los materiales est\u00e1n preparados en contra del \u00f3xido.<\/p>\n","protected":false},"featured_media":242,"template":"","meta":{"_joinchat":[]},"product_brand":[],"product_cat":[31],"product_tag":[],"class_list":{"0":"post-241","1":"product","2":"type-product","3":"status-publish","4":"has-post-thumbnail","6":"product_cat-senalizacion-vial","8":"first","9":"instock","10":"shipping-taxable","11":"product-type-simple"},"_links":{"self":[{"href":"https:\/\/fabricadeanuncios.com\/inicio\/wp-json\/wp\/v2\/product\/241","targetHints":{"allow":["GET"]}}],"collection":[{"href":"https:\/\/fabricadeanuncios.com\/inicio\/wp-json\/wp\/v2\/product"}],"about":[{"href":"https:\/\/fabricadeanuncios.com\/inicio\/wp-json\/wp\/v2\/types\/product"}],"wp:featuredmedia":[{"embeddable":true,"href":"https:\/\/fabricadeanuncios.com\/inicio\/wp-json\/wp\/v2\/media\/242"}],"wp:attachment":[{"href":"https:\/\/fabricadeanuncios.com\/inicio\/wp-json\/wp\/v2\/media?parent=241"}],"wp:term":[{"taxonomy":"product_brand","embeddable":true,"href":"https:\/\/fabricadeanuncios.com\/inicio\/wp-json\/wp\/v2\/product_brand?post=241"},{"taxonomy":"product_cat","embeddable":true,"href":"https:\/\/fabricadeanuncios.com\/inicio\/wp-json\/wp\/v2\/product_cat?post=241"},{"taxonomy":"product_tag","embeddable":true,"href":"https:\/\/fabricadeanuncios.com\/inicio\/wp-json\/wp\/v2\/product_tag?post=241"}],"curies":[{"name":"wp","href":"https:\/\/api.w.org\/{rel}","templated":true}]}}