{"id":274,"date":"2023-11-30T18:00:22","date_gmt":"2023-11-30T18:00:22","guid":{"rendered":"https:\/\/fabricadeanuncios.com\/inicio\/?post_type=product&#038;p=274"},"modified":"2023-11-30T18:00:22","modified_gmt":"2023-11-30T18:00:22","slug":"f703-senalizacion-tipo-bandera-circular","status":"publish","type":"product","link":"https:\/\/fabricadeanuncios.com\/inicio\/product\/f703-senalizacion-tipo-bandera-circular\/","title":{"rendered":"[F703] Se\u00f1alizaci\u00f3n tipo Bandera Circular"},"content":{"rendered":"","protected":false},"excerpt":{"rendered":"<p>Se\u00f1alizaci\u00f3n fabricada en acr\u00edlico cristal, rotulada por ambos lados.<\/p>\n<p>Montaje mediante conector de aluminio tipo bandera.<\/p>\n","protected":false},"featured_media":275,"template":"","meta":{"_joinchat":[]},"product_brand":[],"product_cat":[32],"product_tag":[],"class_list":{"0":"post-274","1":"product","2":"type-product","3":"status-publish","4":"has-post-thumbnail","6":"product_cat-senalizacion-especial","8":"first","9":"instock","10":"shipping-taxable","11":"product-type-simple"},"_links":{"self":[{"href":"https:\/\/fabricadeanuncios.com\/inicio\/wp-json\/wp\/v2\/product\/274","targetHints":{"allow":["GET"]}}],"collection":[{"href":"https:\/\/fabricadeanuncios.com\/inicio\/wp-json\/wp\/v2\/product"}],"about":[{"href":"https:\/\/fabricadeanuncios.com\/inicio\/wp-json\/wp\/v2\/types\/product"}],"wp:featuredmedia":[{"embeddable":true,"href":"https:\/\/fabricadeanuncios.com\/inicio\/wp-json\/wp\/v2\/media\/275"}],"wp:attachment":[{"href":"https:\/\/fabricadeanuncios.com\/inicio\/wp-json\/wp\/v2\/media?parent=274"}],"wp:term":[{"taxonomy":"product_brand","embeddable":true,"href":"https:\/\/fabricadeanuncios.com\/inicio\/wp-json\/wp\/v2\/product_brand?post=274"},{"taxonomy":"product_cat","embeddable":true,"href":"https:\/\/fabricadeanuncios.com\/inicio\/wp-json\/wp\/v2\/product_cat?post=274"},{"taxonomy":"product_tag","embeddable":true,"href":"https:\/\/fabricadeanuncios.com\/inicio\/wp-json\/wp\/v2\/product_tag?post=274"}],"curies":[{"name":"wp","href":"https:\/\/api.w.org\/{rel}","templated":true}]}}