{"id":293,"date":"2023-11-30T18:57:34","date_gmt":"2023-11-30T18:57:34","guid":{"rendered":"https:\/\/fabricadeanuncios.com\/inicio\/?post_type=product&#038;p=293"},"modified":"2023-11-30T18:57:34","modified_gmt":"2023-11-30T18:57:34","slug":"f903-display-flotado-intercambiable","status":"publish","type":"product","link":"https:\/\/fabricadeanuncios.com\/inicio\/product\/f903-display-flotado-intercambiable\/","title":{"rendered":"[F903] Display Flotado Intercambiable"},"content":{"rendered":"","protected":false},"excerpt":{"rendered":"<p>Display para hojas carta, que consta de 2 piezas de acr\u00edlico cristal y 4 conectores.<br \/>\nDise\u00f1ado para que la informaci\u00f3n sea f\u00e1cilmente intercambiable.<\/p>\n","protected":false},"featured_media":294,"template":"","meta":{"_joinchat":[]},"product_brand":[],"product_cat":[34],"product_tag":[],"class_list":{"0":"post-293","1":"product","2":"type-product","3":"status-publish","4":"has-post-thumbnail","6":"product_cat-display-con-conectores","8":"first","9":"instock","10":"shipping-taxable","11":"product-type-simple"},"_links":{"self":[{"href":"https:\/\/fabricadeanuncios.com\/inicio\/wp-json\/wp\/v2\/product\/293","targetHints":{"allow":["GET"]}}],"collection":[{"href":"https:\/\/fabricadeanuncios.com\/inicio\/wp-json\/wp\/v2\/product"}],"about":[{"href":"https:\/\/fabricadeanuncios.com\/inicio\/wp-json\/wp\/v2\/types\/product"}],"wp:featuredmedia":[{"embeddable":true,"href":"https:\/\/fabricadeanuncios.com\/inicio\/wp-json\/wp\/v2\/media\/294"}],"wp:attachment":[{"href":"https:\/\/fabricadeanuncios.com\/inicio\/wp-json\/wp\/v2\/media?parent=293"}],"wp:term":[{"taxonomy":"product_brand","embeddable":true,"href":"https:\/\/fabricadeanuncios.com\/inicio\/wp-json\/wp\/v2\/product_brand?post=293"},{"taxonomy":"product_cat","embeddable":true,"href":"https:\/\/fabricadeanuncios.com\/inicio\/wp-json\/wp\/v2\/product_cat?post=293"},{"taxonomy":"product_tag","embeddable":true,"href":"https:\/\/fabricadeanuncios.com\/inicio\/wp-json\/wp\/v2\/product_tag?post=293"}],"curies":[{"name":"wp","href":"https:\/\/api.w.org\/{rel}","templated":true}]}}