{"id":619,"date":"2024-04-29T17:26:56","date_gmt":"2024-04-29T17:26:56","guid":{"rendered":"https:\/\/fabricadeanuncios.com\/inicio\/?post_type=product&#038;p=619"},"modified":"2024-04-29T17:57:43","modified_gmt":"2024-04-29T17:57:43","slug":"letras-3d-personalizadas-welcome","status":"publish","type":"product","link":"https:\/\/fabricadeanuncios.com\/inicio\/product\/letras-3d-personalizadas-welcome\/","title":{"rendered":"Letras 3D personalizadas \u00abWELCOME\u00bb  en Murete"},"content":{"rendered":"<p>Nuestro murete con letras 3D personalizadas ha sido especialmente creado para instituciones como la Madison International School, que buscan destacar su presencia con una imagen distintiva y profesional. Fabricado con una estructura de acero robusta y duradera, este murete garantiza una base s\u00f3lida y resistente a lo largo del tiempo.<\/p>\n<p>El frente de aluminio con esmalte automotriz no solo brinda una est\u00e9tica elegante y moderna, sino que tambi\u00e9n proporciona una protecci\u00f3n adicional contra los elementos exteriores, asegurando la durabilidad y la longevidad del producto incluso en condiciones clim\u00e1ticas adversas.<\/p>\n<p>Una de las caracter\u00edsticas m\u00e1s destacadas de nuestro murete es las letras 3D personalizadas . En el caso espec\u00edfico de la Madison International School, hemos elaborado las letras \u00abWELCOME\u00bb en aluminio, ofreciendo una apariencia refinada y profesional que refleja la excelencia educativa que representa la instituci\u00f3n.<\/p>\n<p>Adem\u00e1s, para garantizar una visibilidad \u00f3ptima tanto de d\u00eda como de noche, todas nuestras letras 3D est\u00e1n equipadas con iluminaci\u00f3n LED interior, que agrega un toque de elegancia y distinci\u00f3n al murete, mientras que asegura una visualizaci\u00f3n clara y legible en todo momento.<\/p>\n<p>Por \u00faltimo, el rotulado con vinilo autoadherible de alta resistencia a\u00f1ade un acabado impecable y duradero, asegurando que los mensajes y logotipos permanezcan intactos y n\u00edtidos incluso despu\u00e9s de a\u00f1os de exposici\u00f3n a las inclemencias del tiempo.<\/p>\n","protected":false},"excerpt":{"rendered":"<p>Murete con letras 3D personalizadas \u00abWelcome\u00bb<\/p>\n","protected":false},"featured_media":620,"template":"","meta":{"_joinchat":[]},"product_brand":[],"product_cat":[36],"product_tag":[],"class_list":{"0":"post-619","1":"product","2":"type-product","3":"status-publish","4":"has-post-thumbnail","6":"product_cat-totems","8":"first","9":"instock","10":"shipping-taxable","11":"product-type-simple"},"_links":{"self":[{"href":"https:\/\/fabricadeanuncios.com\/inicio\/wp-json\/wp\/v2\/product\/619","targetHints":{"allow":["GET"]}}],"collection":[{"href":"https:\/\/fabricadeanuncios.com\/inicio\/wp-json\/wp\/v2\/product"}],"about":[{"href":"https:\/\/fabricadeanuncios.com\/inicio\/wp-json\/wp\/v2\/types\/product"}],"wp:featuredmedia":[{"embeddable":true,"href":"https:\/\/fabricadeanuncios.com\/inicio\/wp-json\/wp\/v2\/media\/620"}],"wp:attachment":[{"href":"https:\/\/fabricadeanuncios.com\/inicio\/wp-json\/wp\/v2\/media?parent=619"}],"wp:term":[{"taxonomy":"product_brand","embeddable":true,"href":"https:\/\/fabricadeanuncios.com\/inicio\/wp-json\/wp\/v2\/product_brand?post=619"},{"taxonomy":"product_cat","embeddable":true,"href":"https:\/\/fabricadeanuncios.com\/inicio\/wp-json\/wp\/v2\/product_cat?post=619"},{"taxonomy":"product_tag","embeddable":true,"href":"https:\/\/fabricadeanuncios.com\/inicio\/wp-json\/wp\/v2\/product_tag?post=619"}],"curies":[{"name":"wp","href":"https:\/\/api.w.org\/{rel}","templated":true}]}}